{"id":778,"date":"2019-07-02T11:38:28","date_gmt":"2019-07-02T09:38:28","guid":{"rendered":"https:\/\/team-nolan.fr\/?page_id=778"},"modified":"2024-04-14T03:00:25","modified_gmt":"2024-04-14T01:00:25","slug":"mentions-legales","status":"publish","type":"page","link":"https:\/\/www.nolan-games.com\/fr\/mentions-legales\/","title":{"rendered":"Mentions L\u00e9gales"},"content":{"rendered":"<div data-elementor-type=\"wp-page\" data-elementor-id=\"778\" class=\"elementor elementor-778\" data-elementor-settings=\"{&quot;ha_cmc_init_switcher&quot;:&quot;no&quot;}\">\n\t\t\t\t\t\t<section class=\"elementor-section elementor-top-section elementor-element elementor-element-3f98d28c elementor-section-boxed elementor-section-height-default elementor-section-height-default\" data-id=\"3f98d28c\" data-element_type=\"section\" data-settings=\"{&quot;_ha_eqh_enable&quot;:false}\">\n\t\t\t\t\t\t<div class=\"elementor-container elementor-column-gap-default\">\n\t\t\t\t\t<div class=\"aux-parallax-section elementor-column elementor-col-100 elementor-top-column elementor-element elementor-element-16c75d30\" data-id=\"16c75d30\" data-element_type=\"column\">\n\t\t\t<div class=\"elementor-widget-wrap elementor-element-populated\">\n\t\t\t\t\t\t<div class=\"elementor-element elementor-element-5495a99e elementor-widget elementor-widget-text-editor\" data-id=\"5495a99e\" data-element_type=\"widget\" data-widget_type=\"text-editor.default\">\n\t\t\t\t<div class=\"elementor-widget-container\">\n\t\t\t\t\t\t\t\t\t<p><\/p>\n<p>Conform\u00e9ment aux dispositions des articles 6-III et 19 de la Loi n\u00b0 2004-575 du 21 juin 2004 pour la Confiance dans l&#8217;\u00e9conomie num\u00e9rique, dite L.C.E.N., nous portons \u00e0 la connaissance des utilisateurs et visiteurs du site : <a href=\"http:\/\/www.team-nolan.fr\" target=\"_blank\" rel=\"noreferrer noopener\">www.nolan-games.com<\/a>&nbsp;les informations suivantes :<\/p>\n<p>&nbsp;<\/p>\n<p><\/p>\n<p><\/p>\n<h1 class=\"wp-block-heading\" style=\"color:#eba63f;\"><strong>EDITEUR<\/strong><\/h1>\n<p><\/p>\n<p><\/p>\n<p>Le site&nbsp;<a href=\"http:\/\/www.team-nolan.fr\/\" target=\"_blank\" rel=\"noreferrer noopener\" style=\"background-color: rgb(29, 29, 44);\">www.nolan-games.com<\/a>&nbsp;est la propri\u00e9t\u00e9 exclusive de&nbsp;<strong>Auto-entrepreneur&nbsp;Edwin HARAGOVA<\/strong>, qui l&#8217;\u00e9dite.<\/p>\n<p><\/p>\n<p><\/p>\n<blockquote class=\"is-layout-flow wp-block-quote-is-layout-flow\">\n<p><strong>Edwin HARAGOVA<\/strong><br><strong>Auto-entrepreneur <\/strong><\/p>\n<p><cite>Adresse : 6 Avenue d&#8217;Orson 35131 CHARTRES-DE-BRETAGNE<\/cite><\/p>\n<\/blockquote>\n<p><\/p>\n<p><\/p>\n<p>Immatricul\u00e9e sous le num\u00e9ro SIREN : <strong>879897221<\/strong><\/p>\n<p><\/p>\n<p><\/p>\n<p>TVA non applicable \u2013 art. 259-1 du CGI<\/p>\n<p><\/p>\n<p><\/p>\n<p>Adresse de courrier \u00e9lectronique : <strong>the.team.nolan@gmail.com<\/strong>&nbsp;<\/p>\n<p>Directeur de la publication&nbsp;: <strong>Edwin HARAGOVA<\/strong><br>Contactez le responsable de la publication :&nbsp;<span style=\"color: var( --e-global-color-text ); font-size: var( --e-global-typography-d79e634-font-size ); font-weight: var( --e-global-typography-d79e634-font-weight ); letter-spacing: var( --e-global-typography-d79e634-letter-spacing ); word-spacing: var( --e-global-typography-d79e634-word-spacing ); background-color: rgba(29, 29, 44, 0);\">the.team.nolan@gmail.com<\/span><\/p>\n<p><strong>&nbsp;<\/strong><\/p>\n<p><\/p>\n<p><\/p>\n<h1 class=\"wp-block-heading\" style=\"color:#eba63f;\"><strong>HEBERGEMENT<\/strong><\/h1>\n<p><\/p>\n<p><\/p>\n<p>Le site est h\u00e9berg\u00e9&nbsp;par&nbsp;<strong>OVH 2 rue Kellermann 59100 Roubaix<\/strong><\/p>\n<p><\/p>\t\t\t\t\t\t\t\t<\/div>\n\t\t\t\t<\/div>\n\t\t\t\t\t<\/div>\n\t\t<\/div>\n\t\t\t\t\t<\/div>\n\t\t<\/section>\n\t\t\t\t<\/div>","protected":false},"excerpt":{"rendered":"<p>Conform\u00e9ment aux dispositions des articles 6-III et 19 de la Loi n\u00b0 2004-575 du 21 juin 2004 pour la Confiance dans l&#8217;\u00e9conomie num\u00e9rique, dite L.C.E.N., nous portons \u00e0 la connaissance des utilisateurs et visiteurs du site : www.nolan-games.com&nbsp;les informations suivantes : &nbsp; EDITEUR Le site&nbsp;www.nolan-games.com&nbsp;est la propri\u00e9t\u00e9 exclusive de&nbsp;Auto-entrepreneur&nbsp;Edwin HARAGOVA, qui l&#8217;\u00e9dite. Edwin HARAGOVAAuto-entrepreneur Adresse [&hellip;]<\/p>","protected":false},"author":1,"featured_media":0,"parent":0,"menu_order":0,"comment_status":"closed","ping_status":"closed","template":"","meta":{"footnotes":""},"class_list":["post-778","page","type-page","status-publish","hentry"],"yoast_head":"<!-- This site is optimized with the Yoast SEO plugin v24.5 - https:\/\/yoast.com\/wordpress\/plugins\/seo\/ -->\n<title>NoLAN Games Mentions L\u00e9gales &#8226; Creating indie PC and mobile games<\/title>\n<meta name=\"robots\" content=\"noindex, nofollow\" \/>\n<meta property=\"og:locale\" content=\"fr_FR\" \/>\n<meta property=\"og:type\" content=\"article\" \/>\n<meta property=\"og:title\" content=\"NoLAN Games Mentions L\u00e9gales &#8226; Creating indie PC and mobile games\" \/>\n<meta property=\"og:description\" content=\"Conform\u00e9ment aux dispositions des articles 6-III et 19 de la Loi n\u00b0 2004-575 du 21 juin 2004 pour la Confiance dans l&#8217;\u00e9conomie num\u00e9rique, dite L.C.E.N., nous portons \u00e0 la connaissance des utilisateurs et visiteurs du site : www.nolan-games.com&nbsp;les informations suivantes : &nbsp; EDITEUR Le site&nbsp;www.nolan-games.com&nbsp;est la propri\u00e9t\u00e9 exclusive de&nbsp;Auto-entrepreneur&nbsp;Edwin HARAGOVA, qui l&#8217;\u00e9dite. Edwin HARAGOVAAuto-entrepreneur Adresse [&hellip;]\" \/>\n<meta property=\"og:url\" content=\"https:\/\/www.nolan-games.com\/fr\/mentions-legales\/\" \/>\n<meta property=\"og:site_name\" content=\"NoLAN Games\" \/>\n<meta property=\"article:modified_time\" content=\"2024-04-14T01:00:25+00:00\" \/>\n<meta property=\"og:image\" content=\"https:\/\/www.nolan-games.com\/wp-content\/uploads\/2022\/05\/NolanBackground.jpg\" \/>\n\t<meta property=\"og:image:width\" content=\"1920\" \/>\n\t<meta property=\"og:image:height\" content=\"1449\" \/>\n\t<meta property=\"og:image:type\" content=\"image\/jpeg\" \/>\n<meta name=\"twitter:card\" content=\"summary_large_image\" \/>\n<meta name=\"twitter:site\" content=\"@_EdwinH_\" \/>\n<meta name=\"twitter:label1\" content=\"Dur\u00e9e de lecture estim\u00e9e\" \/>\n\t<meta name=\"twitter:data1\" content=\"1 minute\" \/>\n<script type=\"application\/ld+json\" class=\"yoast-schema-graph\">{\"@context\":\"https:\/\/schema.org\",\"@graph\":[{\"@type\":\"WebPage\",\"@id\":\"https:\/\/www.nolan-games.com\/mentions-legales\/\",\"url\":\"https:\/\/www.nolan-games.com\/mentions-legales\/\",\"name\":\"NoLAN Games Mentions L\u00e9gales &#8226; Creating indie PC and mobile games\",\"isPartOf\":{\"@id\":\"https:\/\/www.nolan-games.com\/#website\"},\"datePublished\":\"2019-07-02T09:38:28+00:00\",\"dateModified\":\"2024-04-14T01:00:25+00:00\",\"breadcrumb\":{\"@id\":\"https:\/\/www.nolan-games.com\/mentions-legales\/#breadcrumb\"},\"inLanguage\":\"fr-FR\",\"potentialAction\":[{\"@type\":\"ReadAction\",\"target\":[\"https:\/\/www.nolan-games.com\/mentions-legales\/\"]}]},{\"@type\":\"BreadcrumbList\",\"@id\":\"https:\/\/www.nolan-games.com\/mentions-legales\/#breadcrumb\",\"itemListElement\":[{\"@type\":\"ListItem\",\"position\":1,\"name\":\"Home\",\"item\":\"https:\/\/www.nolan-games.com\/\"},{\"@type\":\"ListItem\",\"position\":2,\"name\":\"Mentions L\u00e9gales\"}]},{\"@type\":\"WebSite\",\"@id\":\"https:\/\/www.nolan-games.com\/#website\",\"url\":\"https:\/\/www.nolan-games.com\/\",\"name\":\"NoLAN Games\",\"description\":\"Indie studio, we make juicy and intriguing games.\",\"publisher\":{\"@id\":\"https:\/\/www.nolan-games.com\/#organization\"},\"potentialAction\":[{\"@type\":\"SearchAction\",\"target\":{\"@type\":\"EntryPoint\",\"urlTemplate\":\"https:\/\/www.nolan-games.com\/?s={search_term_string}\"},\"query-input\":{\"@type\":\"PropertyValueSpecification\",\"valueRequired\":true,\"valueName\":\"search_term_string\"}}],\"inLanguage\":\"fr-FR\"},{\"@type\":\"Organization\",\"@id\":\"https:\/\/www.nolan-games.com\/#organization\",\"name\":\"NoLAN Games\",\"url\":\"https:\/\/www.nolan-games.com\/\",\"logo\":{\"@type\":\"ImageObject\",\"inLanguage\":\"fr-FR\",\"@id\":\"https:\/\/www.nolan-games.com\/#\/schema\/logo\/image\/\",\"url\":\"https:\/\/www.nolan-games.com\/wp-content\/uploads\/2022\/05\/NoLanGames_LogoDark.png\",\"contentUrl\":\"https:\/\/www.nolan-games.com\/wp-content\/uploads\/2022\/05\/NoLanGames_LogoDark.png\",\"width\":1939,\"height\":2499,\"caption\":\"NoLAN Games\"},\"image\":{\"@id\":\"https:\/\/www.nolan-games.com\/#\/schema\/logo\/image\/\"},\"sameAs\":[\"https:\/\/x.com\/_EdwinH_\",\"https:\/\/www.youtube.com\/channel\/UCnZrUqH5cmRkRC4lnZDlrjA\"]}]}<\/script>\n<!-- \/ Yoast SEO plugin. -->","yoast_head_json":{"title":"NoLAN Games Mentions L\u00e9gales &#8226; Creating indie PC and mobile games","robots":{"index":"noindex","follow":"nofollow"},"og_locale":"fr_FR","og_type":"article","og_title":"NoLAN Games Mentions L\u00e9gales &#8226; Creating indie PC and mobile games","og_description":"Conform\u00e9ment aux dispositions des articles 6-III et 19 de la Loi n\u00b0 2004-575 du 21 juin 2004 pour la Confiance dans l&#8217;\u00e9conomie num\u00e9rique, dite L.C.E.N., nous portons \u00e0 la connaissance des utilisateurs et visiteurs du site : www.nolan-games.com&nbsp;les informations suivantes : &nbsp; EDITEUR Le site&nbsp;www.nolan-games.com&nbsp;est la propri\u00e9t\u00e9 exclusive de&nbsp;Auto-entrepreneur&nbsp;Edwin HARAGOVA, qui l&#8217;\u00e9dite. Edwin HARAGOVAAuto-entrepreneur Adresse [&hellip;]","og_url":"https:\/\/www.nolan-games.com\/fr\/mentions-legales\/","og_site_name":"NoLAN Games","article_modified_time":"2024-04-14T01:00:25+00:00","og_image":[{"width":1920,"height":1449,"url":"https:\/\/www.nolan-games.com\/wp-content\/uploads\/2022\/05\/NolanBackground.jpg","type":"image\/jpeg"}],"twitter_card":"summary_large_image","twitter_site":"@_EdwinH_","twitter_misc":{"Dur\u00e9e de lecture estim\u00e9e":"1 minute"},"schema":{"@context":"https:\/\/schema.org","@graph":[{"@type":"WebPage","@id":"https:\/\/www.nolan-games.com\/mentions-legales\/","url":"https:\/\/www.nolan-games.com\/mentions-legales\/","name":"NoLAN Games Mentions L\u00e9gales &#8226; Creating indie PC and mobile games","isPartOf":{"@id":"https:\/\/www.nolan-games.com\/#website"},"datePublished":"2019-07-02T09:38:28+00:00","dateModified":"2024-04-14T01:00:25+00:00","breadcrumb":{"@id":"https:\/\/www.nolan-games.com\/mentions-legales\/#breadcrumb"},"inLanguage":"fr-FR","potentialAction":[{"@type":"ReadAction","target":["https:\/\/www.nolan-games.com\/mentions-legales\/"]}]},{"@type":"BreadcrumbList","@id":"https:\/\/www.nolan-games.com\/mentions-legales\/#breadcrumb","itemListElement":[{"@type":"ListItem","position":1,"name":"Home","item":"https:\/\/www.nolan-games.com\/"},{"@type":"ListItem","position":2,"name":"Mentions L\u00e9gales"}]},{"@type":"WebSite","@id":"https:\/\/www.nolan-games.com\/#website","url":"https:\/\/www.nolan-games.com\/","name":"NoLAN Games","description":"Indie studio, we make juicy and intriguing games.","publisher":{"@id":"https:\/\/www.nolan-games.com\/#organization"},"potentialAction":[{"@type":"SearchAction","target":{"@type":"EntryPoint","urlTemplate":"https:\/\/www.nolan-games.com\/?s={search_term_string}"},"query-input":{"@type":"PropertyValueSpecification","valueRequired":true,"valueName":"search_term_string"}}],"inLanguage":"fr-FR"},{"@type":"Organization","@id":"https:\/\/www.nolan-games.com\/#organization","name":"NoLAN Games","url":"https:\/\/www.nolan-games.com\/","logo":{"@type":"ImageObject","inLanguage":"fr-FR","@id":"https:\/\/www.nolan-games.com\/#\/schema\/logo\/image\/","url":"https:\/\/www.nolan-games.com\/wp-content\/uploads\/2022\/05\/NoLanGames_LogoDark.png","contentUrl":"https:\/\/www.nolan-games.com\/wp-content\/uploads\/2022\/05\/NoLanGames_LogoDark.png","width":1939,"height":2499,"caption":"NoLAN Games"},"image":{"@id":"https:\/\/www.nolan-games.com\/#\/schema\/logo\/image\/"},"sameAs":["https:\/\/x.com\/_EdwinH_","https:\/\/www.youtube.com\/channel\/UCnZrUqH5cmRkRC4lnZDlrjA"]}]}},"_links":{"self":[{"href":"https:\/\/www.nolan-games.com\/fr\/wp-json\/wp\/v2\/pages\/778","targetHints":{"allow":["GET"]}}],"collection":[{"href":"https:\/\/www.nolan-games.com\/fr\/wp-json\/wp\/v2\/pages"}],"about":[{"href":"https:\/\/www.nolan-games.com\/fr\/wp-json\/wp\/v2\/types\/page"}],"author":[{"embeddable":true,"href":"https:\/\/www.nolan-games.com\/fr\/wp-json\/wp\/v2\/users\/1"}],"replies":[{"embeddable":true,"href":"https:\/\/www.nolan-games.com\/fr\/wp-json\/wp\/v2\/comments?post=778"}],"version-history":[{"count":11,"href":"https:\/\/www.nolan-games.com\/fr\/wp-json\/wp\/v2\/pages\/778\/revisions"}],"predecessor-version":[{"id":1960,"href":"https:\/\/www.nolan-games.com\/fr\/wp-json\/wp\/v2\/pages\/778\/revisions\/1960"}],"wp:attachment":[{"href":"https:\/\/www.nolan-games.com\/fr\/wp-json\/wp\/v2\/media?parent=778"}],"curies":[{"name":"wp","href":"https:\/\/api.w.org\/{rel}","templated":true}]}}